{"id":526,"date":"2022-10-17T17:13:17","date_gmt":"2022-10-17T17:13:17","guid":{"rendered":"https:\/\/acsinaintemodelu.ro\/?page_id=526"},"modified":"2022-10-17T17:56:08","modified_gmt":"2022-10-17T17:56:08","slug":"portari","status":"publish","type":"page","link":"https:\/\/acsinaintemodelu.ro\/index.php\/portari\/","title":{"rendered":"Portari"},"content":{"rendered":"\n<figure class=\"wp-block-image size-full\"><img loading=\"lazy\" decoding=\"async\" width=\"636\" height=\"164\" src=\"https:\/\/acsinaintemodelu.ro\/wp-content\/uploads\/2022\/10\/PORTAR.jpg\" alt=\"\" class=\"wp-image-443\" srcset=\"https:\/\/acsinaintemodelu.ro\/wp-content\/uploads\/2022\/10\/PORTAR.jpg 636w, https:\/\/acsinaintemodelu.ro\/wp-content\/uploads\/2022\/10\/PORTAR-600x155.jpg 600w, https:\/\/acsinaintemodelu.ro\/wp-content\/uploads\/2022\/10\/PORTAR-300x77.jpg 300w\" sizes=\"auto, (max-width: 636px) 100vw, 636px\" \/><\/figure>\n\n\n\n<figure class=\"wp-block-image size-full\"><img loading=\"lazy\" decoding=\"async\" width=\"636\" height=\"163\" src=\"https:\/\/acsinaintemodelu.ro\/wp-content\/uploads\/2022\/10\/1.jpg\" alt=\"\" class=\"wp-image-444\" srcset=\"https:\/\/acsinaintemodelu.ro\/wp-content\/uploads\/2022\/10\/1.jpg 636w, https:\/\/acsinaintemodelu.ro\/wp-content\/uploads\/2022\/10\/1-600x154.jpg 600w, https:\/\/acsinaintemodelu.ro\/wp-content\/uploads\/2022\/10\/1-300x77.jpg 300w\" sizes=\"auto, (max-width: 636px) 100vw, 636px\" \/><\/figure>\n\n\n\n<p class=\"has-light-green-cyan-background-color has-background\"><strong>Nr 1, Alexandru Petreac\u0103. N\u0103scut in 2003, format la academia CSA Steaua Bucure\u0219ti, transferat in august 2022 de la CSA Steaua Bucuresti<\/strong><\/p>\n\n\n\n<figure class=\"wp-block-image size-full\"><img loading=\"lazy\" decoding=\"async\" width=\"636\" height=\"171\" src=\"https:\/\/acsinaintemodelu.ro\/wp-content\/uploads\/2022\/10\/97.jpg\" alt=\"\" class=\"wp-image-445\" srcset=\"https:\/\/acsinaintemodelu.ro\/wp-content\/uploads\/2022\/10\/97.jpg 636w, https:\/\/acsinaintemodelu.ro\/wp-content\/uploads\/2022\/10\/97-600x161.jpg 600w, https:\/\/acsinaintemodelu.ro\/wp-content\/uploads\/2022\/10\/97-300x81.jpg 300w\" sizes=\"auto, (max-width: 636px) 100vw, 636px\" \/><\/figure>\n\n\n\n<p class=\"has-light-green-cyan-background-color has-background\"><strong>Nr 97.<\/strong>&nbsp;<strong>Gu\u021b\u0103 M\u0103d\u0103lin<\/strong>&nbsp;<strong>Valentin.&nbsp;N\u0103scut in 13 iunie 2001 la Oltenita, transferat in august 2022 de la AFC Unirea M\u0103n\u0103stirea<\/strong><\/p>\n\n\n\n<figure class=\"wp-block-image size-full\"><img loading=\"lazy\" decoding=\"async\" width=\"632\" height=\"172\" src=\"https:\/\/acsinaintemodelu.ro\/wp-content\/uploads\/2022\/10\/22.jpg\" alt=\"\" class=\"wp-image-446\" srcset=\"https:\/\/acsinaintemodelu.ro\/wp-content\/uploads\/2022\/10\/22.jpg 632w, https:\/\/acsinaintemodelu.ro\/wp-content\/uploads\/2022\/10\/22-600x163.jpg 600w, https:\/\/acsinaintemodelu.ro\/wp-content\/uploads\/2022\/10\/22-300x82.jpg 300w\" sizes=\"auto, (max-width: 632px) 100vw, 632px\" \/><\/figure>\n\n\n\n<p class=\"has-light-green-cyan-background-color has-background\"><strong>Nr 97.<\/strong>&nbsp;<strong>Gu\u021b\u0103 M\u0103d\u0103lin<\/strong>&nbsp;<strong>Valentin.&nbsp;N\u0103scut in 13 iunie 2001 la Oltenita, transferat in august 2022 de la AFC Unirea M\u0103n\u0103stirea<\/strong><\/p>\n\n\n\n\n","protected":false},"excerpt":{"rendered":"<p>Nr 1, Alexandru Petreac\u0103. N\u0103scut in 2003, format la academia CSA Steaua Bucure\u0219ti, transferat in august 2022 de la CSA Steaua Bucuresti Nr 97.&nbsp;Gu\u021b\u0103 M\u0103d\u0103lin&nbsp;Valentin.&nbsp;N\u0103scut in 13 iunie 2001 la Oltenita, transferat in august 2022 de la AFC Unirea M\u0103n\u0103stirea Nr 97.&nbsp;Gu\u021b\u0103 M\u0103d\u0103lin&nbsp;Valentin.&nbsp;N\u0103scut in 13 iunie 2001 la Oltenita, transferat in august 2022 de la [&hellip;]<\/p>\n","protected":false},"author":1,"featured_media":0,"parent":0,"menu_order":0,"comment_status":"closed","ping_status":"closed","template":"","meta":{"footnotes":""},"class_list":["post-526","page","type-page","status-publish","hentry"],"jetpack_sharing_enabled":true,"_links":{"self":[{"href":"https:\/\/acsinaintemodelu.ro\/index.php\/wp-json\/wp\/v2\/pages\/526","targetHints":{"allow":["GET"]}}],"collection":[{"href":"https:\/\/acsinaintemodelu.ro\/index.php\/wp-json\/wp\/v2\/pages"}],"about":[{"href":"https:\/\/acsinaintemodelu.ro\/index.php\/wp-json\/wp\/v2\/types\/page"}],"author":[{"embeddable":true,"href":"https:\/\/acsinaintemodelu.ro\/index.php\/wp-json\/wp\/v2\/users\/1"}],"replies":[{"embeddable":true,"href":"https:\/\/acsinaintemodelu.ro\/index.php\/wp-json\/wp\/v2\/comments?post=526"}],"version-history":[{"count":3,"href":"https:\/\/acsinaintemodelu.ro\/index.php\/wp-json\/wp\/v2\/pages\/526\/revisions"}],"predecessor-version":[{"id":567,"href":"https:\/\/acsinaintemodelu.ro\/index.php\/wp-json\/wp\/v2\/pages\/526\/revisions\/567"}],"wp:attachment":[{"href":"https:\/\/acsinaintemodelu.ro\/index.php\/wp-json\/wp\/v2\/media?parent=526"}],"curies":[{"name":"wp","href":"https:\/\/api.w.org\/{rel}","templated":true}]}}