{"id":529,"date":"2022-10-17T17:13:17","date_gmt":"2022-10-17T17:13:17","guid":{"rendered":"https:\/\/acsinaintemodelu.ro\/?page_id=529"},"modified":"2023-05-18T13:51:15","modified_gmt":"2023-05-18T13:51:15","slug":"atacanti","status":"publish","type":"page","link":"https:\/\/acsinaintemodelu.ro\/index.php\/atacanti\/","title":{"rendered":"Atacanti"},"content":{"rendered":"\n<figure class=\"wp-block-image size-full\"><img loading=\"lazy\" decoding=\"async\" width=\"631\" height=\"159\" src=\"https:\/\/acsinaintemodelu.ro\/wp-content\/uploads\/2022\/10\/ATACANT.jpg\" alt=\"\" class=\"wp-image-485\" srcset=\"https:\/\/acsinaintemodelu.ro\/wp-content\/uploads\/2022\/10\/ATACANT.jpg 631w, https:\/\/acsinaintemodelu.ro\/wp-content\/uploads\/2022\/10\/ATACANT-600x151.jpg 600w, https:\/\/acsinaintemodelu.ro\/wp-content\/uploads\/2022\/10\/ATACANT-300x76.jpg 300w\" sizes=\"auto, (max-width: 631px) 100vw, 631px\" \/><\/figure>\n\n\n\n<figure class=\"wp-block-image size-full\"><img loading=\"lazy\" decoding=\"async\" width=\"636\" height=\"184\" src=\"https:\/\/acsinaintemodelu.ro\/wp-content\/uploads\/2022\/10\/7-3.jpg\" alt=\"\" class=\"wp-image-486\" srcset=\"https:\/\/acsinaintemodelu.ro\/wp-content\/uploads\/2022\/10\/7-3.jpg 636w, https:\/\/acsinaintemodelu.ro\/wp-content\/uploads\/2022\/10\/7-3-600x174.jpg 600w, https:\/\/acsinaintemodelu.ro\/wp-content\/uploads\/2022\/10\/7-3-300x87.jpg 300w\" sizes=\"auto, (max-width: 636px) 100vw, 636px\" \/><\/figure>\n\n\n\n<p class=\"has-light-green-cyan-background-color has-background\"><strong>Nr 7. Andreescu Robert&nbsp;<\/strong><\/p>\n\n\n\n<figure class=\"wp-block-image size-full\"><img loading=\"lazy\" decoding=\"async\" width=\"636\" height=\"186\" src=\"https:\/\/acsinaintemodelu.ro\/wp-content\/uploads\/2022\/11\/IMG_20221108_011527-1.jpg\" alt=\"\" class=\"wp-image-947\" srcset=\"https:\/\/acsinaintemodelu.ro\/wp-content\/uploads\/2022\/11\/IMG_20221108_011527-1.jpg 636w, https:\/\/acsinaintemodelu.ro\/wp-content\/uploads\/2022\/11\/IMG_20221108_011527-1-600x175.jpg 600w, https:\/\/acsinaintemodelu.ro\/wp-content\/uploads\/2022\/11\/IMG_20221108_011527-1-300x88.jpg 300w\" sizes=\"auto, (max-width: 636px) 100vw, 636px\" \/><figcaption class=\"wp-element-caption\"><br><strong>Catalin Ionut Magureanu.<\/strong> <strong>N\u0103scut \u00een 5 iunie 2000 \u00een Bucure\u0219ti \u2013 1,81 m \u2013\u00a0 poate evolua pe trei posturi: mijlocas central, atacant lateral dreapta \u0219i mijloca\u0219 ofensiv<\/strong>.<strong>\u00a0Crescut de Academia Dinamo, a jucat intre 2012-2019\u00a0 pentru FC Dinamo Bucure\u0219ti, de la nivelul juniori la tineret. Are 2 meciuri jucate cu U19 in UEFA Youth League \u0219i 19 prezen\u021be in prima lig\u0103.\u00a0\u00a0<\/strong><br><strong>A fost aproape s\u0103 semneze cu Napoli \u00een 2016, dar p\u0103rin\u021bii au decis s\u0103-l \u021bin\u0103 la Dinamo.<\/strong><br><strong>In iulie 2019\u00a0a fost \u00eemprumutat la AFC Dun\u0103rea C\u0103l\u0103ra\u0219i, unde a jucat un meci \u00een liga secund\u0103. Din septembrie 2019 este \u00eemprumutat la CS Afuma\u021bi, pentru care a bifat 14 meciuri \u0219i a marcat dou\u0103 goluri.<\/strong><br><strong>\u00a0\u00cen septembrie 2020, a semnat un nou contract cu FC Dinamo.\u00a0In sezonul 2020-2021 a fost titularizat de Cosmin Contra si a evoluat 10 meciuri \u00een prima lig\u0103 \u0219i dou\u0103 in Cupa Rom\u00e2niei. In sezonul 2021-2022 a evoluat \u00een 9 meciuri de prima lig\u0103.<\/strong><br><strong>Ultima prezent\u0103 pe banca lui Dinamo o consemn\u0103m \u00een luna mai 2022.<\/strong><\/figcaption><\/figure>\n\n\n\n<p><\/p>\n\n\n\n\n","protected":false},"excerpt":{"rendered":"<p>Nr 7. Andreescu Robert&nbsp;<\/p>\n","protected":false},"author":1,"featured_media":0,"parent":0,"menu_order":0,"comment_status":"closed","ping_status":"closed","template":"","meta":{"footnotes":""},"class_list":["post-529","page","type-page","status-publish","hentry"],"jetpack_sharing_enabled":true,"_links":{"self":[{"href":"https:\/\/acsinaintemodelu.ro\/index.php\/wp-json\/wp\/v2\/pages\/529","targetHints":{"allow":["GET"]}}],"collection":[{"href":"https:\/\/acsinaintemodelu.ro\/index.php\/wp-json\/wp\/v2\/pages"}],"about":[{"href":"https:\/\/acsinaintemodelu.ro\/index.php\/wp-json\/wp\/v2\/types\/page"}],"author":[{"embeddable":true,"href":"https:\/\/acsinaintemodelu.ro\/index.php\/wp-json\/wp\/v2\/users\/1"}],"replies":[{"embeddable":true,"href":"https:\/\/acsinaintemodelu.ro\/index.php\/wp-json\/wp\/v2\/comments?post=529"}],"version-history":[{"count":10,"href":"https:\/\/acsinaintemodelu.ro\/index.php\/wp-json\/wp\/v2\/pages\/529\/revisions"}],"predecessor-version":[{"id":1573,"href":"https:\/\/acsinaintemodelu.ro\/index.php\/wp-json\/wp\/v2\/pages\/529\/revisions\/1573"}],"wp:attachment":[{"href":"https:\/\/acsinaintemodelu.ro\/index.php\/wp-json\/wp\/v2\/media?parent=529"}],"curies":[{"name":"wp","href":"https:\/\/api.w.org\/{rel}","templated":true}]}}