{"id":601,"date":"2022-10-17T18:51:26","date_gmt":"2022-10-17T18:51:26","guid":{"rendered":"https:\/\/acsinaintemodelu.ro\/?page_id=601"},"modified":"2022-11-07T23:49:53","modified_gmt":"2022-11-07T23:49:53","slug":"u-13","status":"publish","type":"page","link":"https:\/\/acsinaintemodelu.ro\/index.php\/u-13\/","title":{"rendered":"U 13"},"content":{"rendered":"\n<p><strong>ACS Inainte Modelu, <strong>U 13<\/strong><\/strong><\/p>\n\n\n\n<p><strong>Liga Elitelor U 13, SEZONUL 2022-2023<\/strong><\/p>\n\n\n\n<p><strong>Antrenor coordonator<\/strong>&nbsp;<strong>Viorel Solomon.<\/strong><\/p>\n\n\n\n<p class=\"has-vivid-green-cyan-background-color has-background\"> <strong>ACS Inainte Modelu, Liga Elitelor U 13, SEZONUL 2022-2023<\/strong><\/p>\n\n\n\n<p><strong>Etapa 1-a,<\/strong><\/p>\n\n\n\n<p class=\"has-pale-cyan-blue-background-color has-background\"><strong>AFC Dunarea 2004 Calarasi <strong>U 13<\/strong><\/strong> <strong>&#8211; ACS Inainte Modelu U 13<\/strong><\/p>\n\n\n\n<p><strong>Etapa a 2-a,<\/strong><\/p>\n\n\n\n<p class=\"has-pale-cyan-blue-background-color has-background\"><strong>ACS Inainte Modelu U 13  &#8211; ACSM Oltenita <strong>U 13<\/strong><\/strong><\/p>\n\n\n\n<p><strong>Etapa a 3-a,<\/strong><\/p>\n\n\n\n<p class=\"has-pale-cyan-blue-background-color has-background\"><strong>AS Unirea Dragalina <strong><strong>U 13<\/strong><\/strong> &#8211; ACS Inainte Modelu U 13<\/strong><\/p>\n\n\n\n<p><strong>Etapa a 4-a,<\/strong><\/p>\n\n\n\n<p class=\"has-pale-cyan-blue-background-color has-background\"><strong>ACS Inainte Modelu U 13 &#8211; ACFC Agricola Borcea<\/strong> <strong><strong>U 13<\/strong><\/strong><\/p>\n\n\n\n<p><strong>Etapa a 5-a,<\/strong><\/p>\n\n\n\n<p class=\"has-pale-cyan-blue-background-color has-background\"><strong>ASFC FC Kids Sport Lehliu Gara <strong><strong>U 13<\/strong><\/strong><\/strong> <strong>&#8211; ACS Inainte Modelu<\/strong> <strong>U 13<\/strong><\/p>\n\n\n\n<p><strong>Etapa a 6-a,<\/strong><\/p>\n\n\n\n<p class=\"has-pale-cyan-blue-background-color has-background\"><strong>ACS Inainte Modelu U 13 &#8211; AS Liceul Tehnologic Fundulea<\/strong> <strong><strong>U 13<\/strong><\/strong><\/p>\n\n\n\n<p><strong>Etapa a 7-a,<\/strong><\/p>\n\n\n\n<p class=\"has-pale-cyan-blue-background-color has-background\"><strong>AFC Victoria Lehliu Gara <strong><strong>U 13<\/strong><\/strong><\/strong> <strong>&#8211; ACS Inainte Modelu U 13<\/strong><\/p>\n\n\n\n<p><strong>Etapa a 8-a,<\/strong><\/p>\n\n\n\n<p class=\"has-pale-cyan-blue-background-color has-background\"><strong>ACS Inainte Modelu U 13, sta <\/strong><\/p>\n\n\n\n<p><strong>Etapa a 9-a,<\/strong><\/p>\n\n\n\n<p class=\"has-pale-cyan-blue-background-color has-background\"><strong>ACS Inainte Modelu U 13<\/strong> <strong>&#8211; AS Unirea Frasinet 2021<\/strong> <strong><strong>U 13<\/strong><\/strong><\/p>\n\n\n\n<p><strong>Etapa a 10-a,<\/strong><\/p>\n\n\n\n<p class=\"has-pale-cyan-blue-background-color has-background\"><strong>AS Rapid Ulmeni <strong><strong>U 13<\/strong><\/strong><\/strong> <strong>&#8211; ACS Inainte Modelu U 13<\/strong><\/p>\n\n\n\n<p><strong>Etapa a 11-a,<\/strong><\/p>\n\n\n\n<p class=\"has-pale-cyan-blue-background-color has-background\"><strong>ACS Inainte Modelu U 13 &#8211; AS Atletic Junior Calarasi<\/strong> <strong><strong>U 13<\/strong><\/strong><\/p>\n\n\n\n<p><strong>Etapa a 12-a,<\/strong><\/p>\n\n\n\n<p class=\"has-pale-cyan-blue-background-color has-background\"><strong>ACS Inainte Modelu U 13<\/strong><a href=\"https:\/\/www.frf-ajf.ro\/calarasi\/echipe\/afc-dunrea-2005-clrai-5680.html\"> <\/a><strong><a href=\"https:\/\/www.frf-ajf.ro\/calarasi\/echipe\/afc-dunrea-2005-clrai-5680.html\">&#8211; <\/a>A.F.C. Dun\u0103rea 2005 C\u0103l\u0103ra\u0219i<\/strong> <strong><strong>U 13<\/strong><\/strong><\/p>\n\n\n\n<p><strong>Etapa a 13-a,<\/strong><\/p>\n\n\n\n<p class=\"has-pale-cyan-blue-background-color has-background\"><strong>A.C.S.M. Olteni\u021ba <strong><strong>U 13<\/strong><\/strong><\/strong> <strong>&#8211;<\/strong> <strong>ACS Inainte Modelu U 13<\/strong><\/p>\n\n\n\n<p><strong>Etapa a 14-a,<\/strong><\/p>\n\n\n\n<p class=\"has-pale-cyan-blue-background-color has-background\"><strong>ACS Inainte Modelu U 13 &#8211; AS. Unirea Dragalina<\/strong> <strong><strong>U 13<\/strong><\/strong><\/p>\n\n\n\n<p><strong>Etapa a 15-a,<\/strong><\/p>\n\n\n\n<p class=\"has-pale-cyan-blue-background-color has-background\"><strong>A.S.F.C. Agricola Borcea <strong><strong>U 13<\/strong><\/strong><\/strong> <strong>&#8211; ACS Inainte Modelu U 13<\/strong><\/p>\n\n\n\n<p><strong>Etapa a 16-a,<\/strong><\/p>\n\n\n\n<p class=\"has-pale-cyan-blue-background-color has-background\"><strong>ACS Inainte Modelu U 13<\/strong><a href=\"https:\/\/www.frf-ajf.ro\/calarasi\/echipe\/asfc-fc-kids-sport-lehliu-gara-8856.html\"> &#8211;<\/a><strong><a href=\"https:\/\/www.frf-ajf.ro\/calarasi\/echipe\/asfc-fc-kids-sport-lehliu-gara-8856.html\"> <\/a>A.S.F.C. FC Kids Sport Lehliu  Gara<\/strong> <strong><strong>U 13<\/strong><\/strong><\/p>\n\n\n\n<p><strong>Etapa a 17-a,<\/strong><\/p>\n\n\n\n<p class=\"has-pale-cyan-blue-background-color has-background\"><strong>A.S. Liceul Tehnologic Fundulea <strong><strong>U 13<\/strong><\/strong><\/strong> <strong>&#8211; ACS Inainte Modelu U 13<\/strong><\/p>\n\n\n\n<p><strong>Etapa a 18-a,<\/strong><\/p>\n\n\n\n<p class=\"has-pale-cyan-blue-background-color has-background\"><strong>ACS Inainte Modelu U 13<\/strong><a href=\"https:\/\/www.frf-ajf.ro\/calarasi\/echipe\/afc-victoria-lehliu-gara-1600.html\"> <\/a><strong><a href=\"https:\/\/www.frf-ajf.ro\/calarasi\/echipe\/afc-victoria-lehliu-gara-1600.html\">&#8211; <\/a>A.F.C. Victoria Lehliu Gara<\/strong> <strong><strong>U 13<\/strong><\/strong> <\/p>\n\n\n\n<p><strong>Etapa a 19-a,<\/strong><\/p>\n\n\n\n<p class=\"has-pale-cyan-blue-background-color has-background\"><strong>ACS Inainte Modelu U 13, sta<\/strong><\/p>\n\n\n\n<p><strong>Etapa a 20-a,<\/strong><\/p>\n\n\n\n<p class=\"has-pale-cyan-blue-background-color has-background\"><strong>A.S. Unirea Fr\u0103sinet 2021 <strong><strong>U 13<\/strong><\/strong><\/strong> <strong>&#8211; ACS Inainte Modelu U 13<\/strong><\/p>\n\n\n\n<p><strong>Etapa a 21-a,<\/strong><\/p>\n\n\n\n<p class=\"has-pale-cyan-blue-background-color has-background\"><strong>ACS Inainte Modelu U 13<a href=\"https:\/\/www.frf-ajf.ro\/calarasi\/echipe\/as-rapid-ulmeni-1629.html\"> &#8211; <\/a>A.S. Rapid Ulmeni<\/strong> <strong><strong>U 13<\/strong><\/strong><\/p>\n\n\n\n<p><strong>Etapa a 22-a,<\/strong><\/p>\n\n\n\n<p class=\"has-pale-cyan-blue-background-color has-background\"><strong>A.S. Atletic Junior C\u0103l\u0103ra\u0219i <strong><strong>U 13<\/strong><\/strong><\/strong> <strong>&#8211; ACS Inainte Modelu U 13<\/strong><\/p>\n\n\n\n<p><\/p>\n\n\n\n<p><strong>@acsinaintemodelu 2022 U 13<\/strong><\/p>\n\n\n\n<p><strong>Juniorii U 13, U 15, componen\u021bii echipei de tineret \u0219i echipei secunde <a href=\"https:\/\/www.facebook.com\/hashtag\/inaintemodelu?__eep__=6&amp;__cft__[0]=AZWlEovdDVpMtyPOwsTjAHY5Eut895iAzxof02WKpPFORh9vXMqszaluAkoBuo8D9OmK0zo6mv6J31QTzcJTClWATRROS38a2mPz4dlHeNRmFJcZkrynwxsg4WHVpR1Ucg0mFYhTzmGRWFFhXjzsLhjiPCnozDsMW87qhqpFz4InVb1YOUjLzRZf0on-WXq-_HE&amp;__tn__=*NK-R\">#inaintemodelu<\/a> afilia\u021bi la Ajf Calarasi<\/strong><\/p>\n\n\n\n<p><strong>Vlad Yanis Ionu\u021b 22.4.2015<\/strong><\/p>\n\n\n\n<p><strong>Coman Florin Matei 20.3.2013<\/strong><\/p>\n\n\n\n<p><strong>Costache Alexandru \u0218tefan 31.8.2013<\/strong><\/p>\n\n\n\n<p><strong>Costache Daniel Marian 8.9.2013<\/strong><\/p>\n\n\n\n<p><strong>Diouane Yaniss 5.12.2013<\/strong><\/p>\n\n\n\n<p><strong>T\u0103nase Adrian Nicolas 11.10.2013<\/strong><\/p>\n\n\n\n<p><strong>Cr\u0103ciun Gabriel Cristian 6.11.2012<\/strong><\/p>\n\n\n\n<p><strong>Dumitru Lauren\u021biu Valentin 10.11.2012<\/strong><\/p>\n\n\n\n<p><strong>Herea Raul Andrei 15.7.2012<\/strong><\/p>\n\n\n\n<p><strong>Manafu Sebastian Andrei 16.8.2012<\/strong><\/p>\n\n\n\n<p><strong>Stanciu Gheorghe Alexandru 24.1.2012<\/strong><\/p>\n\n\n\n<p><strong>Vasilache Octavian Ionu\u021b 20.4.2012<\/strong><\/p>\n\n\n\n<p><strong>Vasile Claudia Georgiana 13.4.2012<\/strong><\/p>\n\n\n\n<p><strong>Cr\u0103ciun Robert George 6.6.2011<\/strong><\/p>\n\n\n\n<p><strong>Cr\u0103ciun Vlad Alexandru 29.8.2011<\/strong><\/p>\n\n\n\n<p><strong>Marea Alessio Marian 24.11.2011<\/strong><\/p>\n\n\n\n<p><strong>Marica Lorenzo Cosmin 26.3.2011<\/strong><\/p>\n\n\n\n<p><strong>Marin Mihai Alexandru 10.11.2011<\/strong><\/p>\n\n\n\n<p><strong>V\u00e2lsan Valentin Marian 3.5.2011<\/strong><\/p>\n\n\n\n<p><strong>Baila Andrei Alexandru 28.10.2010<\/strong><\/p>\n\n\n\n<p><strong>Beligan Mario Valentin 10.2.2010<\/strong><\/p>\n\n\n\n<p><strong>Iordan Denis Mihai 27.5.2010<\/strong><\/p>\n\n\n\n<p><strong>Pantea Ionu\u021b C\u0103t\u0103lin 1.3.2010<\/strong><\/p>\n\n\n\n<p><strong>Petre Antonio Marius 2.7.2010<\/strong><\/p>\n\n\n\n<p><strong>Zorila Andrei Armando 8.10.2010<\/strong><\/p>\n\n\n\n<p><strong>Bajenaru Alin Georgian 21.4.2009<\/strong><\/p>\n\n\n\n<p><strong>Ciobotaru Florin Daniel 26.12.2009<\/strong><\/p>\n\n\n\n<p><strong>Cop\u0103cianu Cristian Andrei 4.5.2009<\/strong><\/p>\n\n\n\n<p><strong>Cristian Ionu\u021b 29.3.2009<\/strong><\/p>\n\n\n\n<p><strong>Ghia Marian 2.7.2009<\/strong><\/p>\n\n\n\n<p><strong>Herea Darius Adrian Mihai 1.10.2009<\/strong><\/p>\n\n\n\n<p><strong>Ilie Drago\u0219 \u0218tefan 24.2.2009<\/strong><\/p>\n\n\n\n<p><strong>M\u0103nescu Alexandra Valentina 3.10.2009<\/strong><\/p>\n\n\n\n<p><strong>Mare\u0219 Stefan Sebastian 23.2.2009<\/strong><\/p>\n\n\n\n<p><strong>Neculai Eduard Gabriel 17.2.2009<\/strong><\/p>\n\n\n\n<p><strong>Petre Andrei 26.6.2009<\/strong><\/p>\n\n\n\n<p><strong>Rotaru Luca Andrei 22.12.2009<\/strong><\/p>\n\n\n\n<p><strong>\u0218erban Vl\u0103du\u021b 23.8.2009<\/strong><\/p>\n\n\n\n<p><strong>Nicolae Cristian 25.12.2008<\/strong><\/p>\n\n\n\n<p><strong>Stoian Andrei Alexandru 4.12.2006<\/strong><\/p>\n\n\n\n<p><strong>Raiu Nelu\u021bu 15.6.2002<\/strong><\/p>\n\n\n\n<p><strong>Dumitru Stefan 27.11.2000<\/strong><\/p>\n\n\n\n<p><strong>P\u0103un Iulian 15.1.1996<\/strong><\/p>\n\n\n\n\n","protected":false},"excerpt":{"rendered":"<p>ACS Inainte Modelu, U 13 Liga Elitelor U 13, SEZONUL 2022-2023 Antrenor coordonator&nbsp;Viorel Solomon. ACS Inainte Modelu, Liga Elitelor U 13, SEZONUL 2022-2023 Etapa 1-a, AFC Dunarea 2004 Calarasi U 13 &#8211; ACS Inainte Modelu U 13 Etapa a 2-a, ACS Inainte Modelu U 13 &#8211; ACSM Oltenita U 13 Etapa a 3-a, AS Unirea [&hellip;]<\/p>\n","protected":false},"author":1,"featured_media":0,"parent":0,"menu_order":0,"comment_status":"closed","ping_status":"closed","template":"","meta":{"footnotes":""},"class_list":["post-601","page","type-page","status-publish","hentry"],"jetpack_sharing_enabled":true,"_links":{"self":[{"href":"https:\/\/acsinaintemodelu.ro\/index.php\/wp-json\/wp\/v2\/pages\/601","targetHints":{"allow":["GET"]}}],"collection":[{"href":"https:\/\/acsinaintemodelu.ro\/index.php\/wp-json\/wp\/v2\/pages"}],"about":[{"href":"https:\/\/acsinaintemodelu.ro\/index.php\/wp-json\/wp\/v2\/types\/page"}],"author":[{"embeddable":true,"href":"https:\/\/acsinaintemodelu.ro\/index.php\/wp-json\/wp\/v2\/users\/1"}],"replies":[{"embeddable":true,"href":"https:\/\/acsinaintemodelu.ro\/index.php\/wp-json\/wp\/v2\/comments?post=601"}],"version-history":[{"count":17,"href":"https:\/\/acsinaintemodelu.ro\/index.php\/wp-json\/wp\/v2\/pages\/601\/revisions"}],"predecessor-version":[{"id":896,"href":"https:\/\/acsinaintemodelu.ro\/index.php\/wp-json\/wp\/v2\/pages\/601\/revisions\/896"}],"wp:attachment":[{"href":"https:\/\/acsinaintemodelu.ro\/index.php\/wp-json\/wp\/v2\/media?parent=601"}],"curies":[{"name":"wp","href":"https:\/\/api.w.org\/{rel}","templated":true}]}}