{"id":91,"date":"2022-09-23T12:12:18","date_gmt":"2022-09-23T12:12:18","guid":{"rendered":"https:\/\/acsinaintemodelu.ro\/?page_id=91"},"modified":"2023-05-18T12:51:08","modified_gmt":"2023-05-18T12:51:08","slug":"istoric","status":"publish","type":"page","link":"https:\/\/acsinaintemodelu.ro\/index.php\/istoric\/","title":{"rendered":"Istoric"},"content":{"rendered":"\n<p class=\"has-background\" style=\"background-color:#e8f491\"><strong>ACS \u00cenainte Modelu<\/strong><\/p>\n\n\n\n<p><strong>Club de fotbal infiintat in anul 2009<\/strong><\/p>\n\n\n\n<p><strong>\u00cenainte Modelu\u00a0a fost \u00eenfiin\u021bat\u0103 \u00een 2009 pentru a continua tradi\u021bia fotbalului din comun\u0103 dup\u0103 dizolvarea fostei forma\u021bii\u00a0din\u00a0<a href=\"https:\/\/en.wikipedia.org\/wiki\/Liga_II\">Liga II\u00a0<\/a><a href=\"https:\/\/en.wikipedia.org\/wiki\/FC_Prefab_05_Modelu\">Prefab 05 Modelu<\/a>\u00a0.\u00a0\u00cenainte a reu\u0219it s\u0103 c\u00e2\u0219tige\u00a0Liga a IV\u00a0-a \u2013\u00a0<a href=\"https:\/\/en.wikipedia.org\/wiki\/C%C4%83l%C4%83ra%C8%99i_County\">Jude\u021bul C\u0103l\u0103ra\u0219i<\/a>\u00a0\u00een 2014, la cinci ani de la \u00eenfiin\u021bare, c\u00e2\u0219tig\u00e2nd ulterior play-off-ul de promovare \u00eempotriva Petrolului Roata \u0219i promov\u00e2nd \u00een\u00a0Liga a III\u00a0-a , pentru prima dat\u0103 \u00een istoria clubului.\u00a0<\/strong><\/p>\n\n\n\n<p><strong>\u00cen al treilea nivel, \u00cenainte a c\u00e2\u0219tigat reputa\u021bia unei echipe incomode fiind clasat\u0103: pe locul 8 (\u00a0<a href=\"https:\/\/en.wikipedia.org\/wiki\/2014%E2%80%9315_Liga_III\">2014\u201315<\/a>\u00a0), pe locul 6 (\u00a0<a href=\"https:\/\/en.wikipedia.org\/wiki\/2015%E2%80%9316_Liga_III\">2015\u201316<\/a>\u00a0), pe locul 8 (\u00a0<a href=\"https:\/\/en.wikipedia.org\/wiki\/2017%E2%80%9318_Liga_III\">2017\u201318<\/a>\u00a0) \u0219i pe locul 7 (\u00a0<a href=\"https:\/\/en.wikipedia.org\/wiki\/2018%E2%80%9319_Liga_III\">2018\u201319<\/a>\u00a0), cu doar un clasament inferior. , un loc 12 la finalul sezonului\u00a0<a href=\"https:\/\/en.wikipedia.org\/wiki\/2016%E2%80%9317_Liga_III\">2016\u201317<\/a>\u00a0.<\/strong><\/p>\n\n\n\n<p class=\"has-pale-cyan-blue-background-color has-background\"><strong>Stadion:<\/strong>&nbsp;Vasile Enache, Modelu, Romania<\/p>\n\n\n\n<p class=\"has-cyan-bluish-gray-background-color has-background\">Strada Stadionului nr. 10 , Modelu, Romania, 1100 locuri pe scaune.<\/p>\n\n\n\n<p><strong>Adres\u0103 E-mail: acsinaintemodelu2020@gmail.com<\/strong><\/p>\n\n\n\n<ul class=\"wp-block-list\">\n<li><strong>acsinaintemodelu2020@gmail.com<\/strong><\/li>\n<\/ul>\n\n\n\n<p><\/p>\n\n\n\n<p><\/p>\n\n\n\n<hr class=\"wp-block-separator has-alpha-channel-opacity\"\/>\n\n\n\n<p><strong>\u00a023 noiembrie 2021<\/strong><\/p>\n\n\n\n<p><strong>ACS \u00cenainte Modelu &#8211; Farul Constan\u021ba II, in etapa a 12-a a Ligii a III-a, Seria a III-a<\/strong>,<strong> sezonul 2021-2022<\/strong><\/p>\n\n\n\n<p><strong>\u00cenainte Modelu (antrenor Mirel Condei):<\/strong><\/p>\n\n\n\n<p>\u00a0<strong>R\u0103ducanu &#8211; Ghe\u021bu, Nicolae, Dobre, Ilie, Vasile, Chebac, Daniel Gheorghe, Liviu Gheorghe, Moise, Andreescu.\u00a0<\/strong><\/p>\n\n\n\n<p><strong>Rezerve<em>:<\/em>\u00a0Pancisin, Teodorescu, R\u0103duca, M. Negoi, C. Negoi.<\/strong><\/p>\n\n\n\n<hr class=\"wp-block-separator has-alpha-channel-opacity\"\/>\n\n\n\n<p><strong>10 septembrie 2021, etapa a 3-a a campionatului Ligii a III-a, Seria a III-a, sezonul 2021-2022.<\/strong><\/p>\n\n\n\n<p><strong>Farul 2 Constanta &#8211; ACS Inainte Modelu, 3-1 (1-1).<\/strong><\/p>\n\n\n\n<p><strong>Echipa noastra a deschis scorul \u00een min.40 prin Daniel Gheorghe.<\/strong><\/p>\n\n\n\n<p><strong>ACS<\/strong> <strong>\u00cenainte Modelu, antrenor Gabriel Deaconu:<\/strong>\u00a0<\/p>\n\n\n\n<p><strong>Voicu &#8211; Stru\u021bu, Nicolae, Vl. Georgescu, Ilie (60 Ghe\u021bu), Vasile, Teodorescu (77 Mar. Negoi), R\u0103duca, Moise (77 Cl. Negoi), Andreescu, D. Gheorghe (60 Liviu Gheorghe).\u00a0<\/strong><\/p>\n\n\n\n<p><strong>Rezerve neutilizate:\u00a0R\u0103ducanu &#8211; Dobre, Pancisin, At\u0103n\u0103soaie, Chebac.<\/strong><\/p>\n\n\n\n<hr class=\"wp-block-separator has-alpha-channel-opacity\"\/>\n\n\n\n<p><strong>12 septembrie 2020,<\/strong><\/p>\n\n\n\n<p><strong>ACS<\/strong> <strong>Inainte Modelu &#8211; Farul 2 Constanta, 2-3  (1-2)<\/strong><\/p>\n\n\n\n<p><strong>Golurile noastre au fost &#8222;semnate&#8221; de Ionu\u021b Vasile 13 \u0219i Daniel Gheorghe 57-pen.<\/strong><\/p>\n\n\n\n<p><strong>\u00cenainte Modelu, antrenor Marcel Ploaie:<\/strong>\u00a0<\/p>\n\n\n\n<p><strong>Voicu &#8211; Catrina (58 Mihai), Ene, Dobre, Ilie &#8211; Teodorescu (46 \u0218t. Gheorghe), I. Vasile, Florea (46 Oanc\u0103) &#8211; Bratu (81 Mohammed), Mitu (46 R\u0103dan), D. Gheorghe.\u00a0<\/strong><\/p>\n\n\n\n<p><strong>Rezerve neutilizate<em>:<\/em>\u00a0Poch &#8211; Oncic\u0103, Bolojan, Cr. Vasile.<\/strong><\/p>\n\n\n\n<hr class=\"wp-block-separator has-alpha-channel-opacity\"\/>\n\n\n\n<p><strong>22 aprilie 2017, in etapa a 21-a a campionatului Ligii a III-a, Seria a II-a<\/strong>,<strong> sezonul 2016-2017<\/strong><\/p>\n\n\n\n<p><strong>ACS \u00cenainte Modelu &#8211;\u00a0FC Viitorul 2 Constanta\u00a02-3<\/strong><\/p>\n\n\n\n<p><strong>Pentru noi au marcat: Vasile Buc\u0103 17, Ionu\u021b Alexa 34<\/strong>.<\/p>\n\n\n\n<hr class=\"wp-block-separator has-alpha-channel-opacity\"\/>\n\n\n\n<p><\/p>\n\n\n\n\n\n<hr class=\"wp-block-separator has-alpha-channel-opacity\"\/>\n\n\n","protected":false},"excerpt":{"rendered":"<p>ACS \u00cenainte Modelu Club de fotbal infiintat in anul 2009 \u00cenainte Modelu\u00a0a fost \u00eenfiin\u021bat\u0103 \u00een 2009 pentru a continua tradi\u021bia fotbalului din comun\u0103 dup\u0103 dizolvarea fostei forma\u021bii\u00a0din\u00a0Liga II\u00a0Prefab 05 Modelu\u00a0.\u00a0\u00cenainte a reu\u0219it s\u0103 c\u00e2\u0219tige\u00a0Liga a IV\u00a0-a \u2013\u00a0Jude\u021bul C\u0103l\u0103ra\u0219i\u00a0\u00een 2014, la cinci ani de la \u00eenfiin\u021bare, c\u00e2\u0219tig\u00e2nd ulterior play-off-ul de promovare \u00eempotriva Petrolului Roata \u0219i promov\u00e2nd [&hellip;]<\/p>\n","protected":false},"author":1,"featured_media":0,"parent":0,"menu_order":0,"comment_status":"closed","ping_status":"closed","template":"","meta":{"footnotes":""},"class_list":["post-91","page","type-page","status-publish","hentry"],"jetpack_sharing_enabled":true,"_links":{"self":[{"href":"https:\/\/acsinaintemodelu.ro\/index.php\/wp-json\/wp\/v2\/pages\/91","targetHints":{"allow":["GET"]}}],"collection":[{"href":"https:\/\/acsinaintemodelu.ro\/index.php\/wp-json\/wp\/v2\/pages"}],"about":[{"href":"https:\/\/acsinaintemodelu.ro\/index.php\/wp-json\/wp\/v2\/types\/page"}],"author":[{"embeddable":true,"href":"https:\/\/acsinaintemodelu.ro\/index.php\/wp-json\/wp\/v2\/users\/1"}],"replies":[{"embeddable":true,"href":"https:\/\/acsinaintemodelu.ro\/index.php\/wp-json\/wp\/v2\/comments?post=91"}],"version-history":[{"count":12,"href":"https:\/\/acsinaintemodelu.ro\/index.php\/wp-json\/wp\/v2\/pages\/91\/revisions"}],"predecessor-version":[{"id":1568,"href":"https:\/\/acsinaintemodelu.ro\/index.php\/wp-json\/wp\/v2\/pages\/91\/revisions\/1568"}],"wp:attachment":[{"href":"https:\/\/acsinaintemodelu.ro\/index.php\/wp-json\/wp\/v2\/media?parent=91"}],"curies":[{"name":"wp","href":"https:\/\/api.w.org\/{rel}","templated":true}]}}